{"id":200,"date":"2022-09-21T18:27:58","date_gmt":"2022-09-21T18:27:58","guid":{"rendered":"https:\/\/stigversitylab.us.edu.pl\/?page_id=200"},"modified":"2022-09-21T18:27:58","modified_gmt":"2022-09-21T18:27:58","slug":"badanie-autostygmatyzacji-i-dysregulacji-emocjonalnej-w-grupie-osob-z-zaburzeniami-osobowosci-typu-borderline-lub-z-diagnoza-zaburzen-depresyjnych","status":"publish","type":"page","link":"https:\/\/stigversitylab.us.edu.pl\/index.php\/badanie-autostygmatyzacji-i-dysregulacji-emocjonalnej-w-grupie-osob-z-zaburzeniami-osobowosci-typu-borderline-lub-z-diagnoza-zaburzen-depresyjnych\/","title":{"rendered":"Badanie autostygmatyzacji i dysregulacji emocjonalnej w grupie os\u00f3b z zaburzeniami osobowo\u015bci typu borderline lub z diagnoz\u0105 zaburze\u0144 depresyjnych"},"content":{"rendered":"\n<div id=\"wp-block-themeisle-blocks-advanced-columns-dbfeb7ac\" class=\"wp-block-themeisle-blocks-advanced-columns has-1-columns has-desktop-equal-layout has-tablet-equal-layout has-mobile-equal-layout has-vertical-unset\"><div class=\"wp-block-themeisle-blocks-advanced-columns-overlay\"><\/div><div class=\"innerblocks-wrap\">\n<div id=\"wp-block-themeisle-blocks-advanced-column-28f75ce2\" class=\"wp-block-themeisle-blocks-advanced-column\">\n<p>Szanowni Pa\u0144stwo,<\/p>\n\n\n\n<p>jeste\u015bmy badaczkami w Instytucie Psychologii Uniwersytetu \u015al\u0105skiego w Katowicach. Zapraszamy do udzia\u0142u w anonimowym badaniu skierowanym do os\u00f3b z rozpoznaniem zaburzenia osobowo\u015bci chwiejnej emocjonalnie (borderline) lub zaburzeniami depresyjnymi.<\/p>\n\n\n\n<p><strong>1. Cel projektu<\/strong><\/p>\n\n\n\n<p>Celem projektu jest zbadanie zjawiska fantazjowania na jawie (tzw. maladaptive daydreaming) w grupie os\u00f3b z rozpoznaniem zaburzenia osobowo\u015bci chwiejnej emocjonalnie (borderline) lub z zaburzeniami depresyjnymi. Badaczki chc\u0105 sprawdzi\u0107 funkcj\u0119 fantazjowania na jawie i zwi\u0105zk\u00f3w z\u00a0umiej\u0119tno\u015bciami z zakresu radzenia sobie z emocjami, unikania emocji i \u017cyciowych trudno\u015bci, a tak\u017ce nastrojem i samoakceptacj\u0105, szczeg\u00f3lnie w kontek\u015bcie do\u015bwiadczenia zaburzenia osobowo\u015bci. Uzyskane wyniki pozwol\u0105 na lepsze zrozumienie fantazjowania na jawie i jego znaczenia dla codziennego \u017cycia jednostki, co pomo\u017ce w okre\u015bleniu zar\u00f3wno pozytywnych, jak i negatywnych skutk\u00f3w tego zjawiska.<\/p>\n\n\n\n<p><strong>2. Osoby badane<\/strong><\/p>\n\n\n\n<p>Zapraszamy do udzia\u0142u w badaniu osoby a) wszystkich p\u0142ci, b) powy\u017cej 18. roku \u017cycia, c) z rozpoznaniem zaburzenia osobowo\u015bci chwiejnej emocjonalnie (borderline).<\/p>\n\n\n\n<p><strong>3. Czas trwania badania<\/strong><\/p>\n\n\n\n<p>Przewidywany czas trwania wype\u0142niania ankiety wynosi 25-30 minut.<\/p>\n\n\n\n<p><strong>4. Warunki badania<\/strong><\/p>\n\n\n\n<p>Udzia\u0142 w badaniu jest w pe\u0142ni anonimowy oraz dobrowolny. Dane uzyskane podczas badania zostan\u0105 wykorzystane wy\u0142\u0105cznie w celach naukowych. Wszystkie dane i metadane b\u0119d\u0105 przechowywane na dysku twardym komputera chronionego has\u0142em. Zabezpieczone dane i metadane zostan\u0105 udost\u0119pnione bezterminowo w Open Science Framework (OSF).<\/p>\n\n\n\n<p><strong>5. \u015awiadoma zgoda<\/strong><\/p>\n\n\n\n<p>Bior\u0105c udzia\u0142 w badaniu, udzielasz \u015bwiadomej zgody.<\/p>\n\n\n\n<p><strong>6. Mo\u017cliwo\u015b\u0107 kontaktu z osobami badaj\u0105cymi<\/strong><\/p>\n\n\n\n<p>Osoby zainteresowane projektem lub posiadaj\u0105ce komentarze lub w\u0105tpliwo\u015bci zapraszamy do kontaktu z osob\u0105 koordynuj\u0105c\u0105 projekt, dr Ann\u0105 Pyszkowsk\u0105: <a href=\"mailto:anna.pyszkowska@us.edu.pl\">anna.pyszkowska@us.edu.pl<\/a> .<\/p>\n\n\n\n<p>Osoby realizuj\u0105ce projekt:<\/p>\n\n\n\n<p>dr Anna Pyszkowska, Instytut Psychologii, Uniwersytet \u015al\u0105ski w Katowicach<\/p>\n\n\n\n<p>mgr Julia Celban, Szko\u0142a Doktorska, Uniwersytet \u015al\u0105ski w Katowicach<\/p>\n<\/div>\n<\/div><\/div>\n\n\n\n<div class=\"wp-block-buttons is-layout-flex wp-block-buttons-is-layout-flex\">\n<div class=\"wp-block-button\"><a class=\"wp-block-button__link\">Przejd\u017a do badania &#8211; ju\u017c wkr\u00f3tce!<\/a><\/div>\n<\/div>\n","protected":false},"excerpt":{"rendered":"","protected":false},"author":1,"featured_media":0,"parent":0,"menu_order":0,"comment_status":"closed","ping_status":"closed","template":"","meta":{"_themeisle_gutenberg_block_has_review":false,"_ti_tpc_template_sync":false,"_ti_tpc_template_id":"","footnotes":""},"class_list":["post-200","page","type-page","status-publish","hentry"],"_links":{"self":[{"href":"https:\/\/stigversitylab.us.edu.pl\/index.php\/wp-json\/wp\/v2\/pages\/200","targetHints":{"allow":["GET"]}}],"collection":[{"href":"https:\/\/stigversitylab.us.edu.pl\/index.php\/wp-json\/wp\/v2\/pages"}],"about":[{"href":"https:\/\/stigversitylab.us.edu.pl\/index.php\/wp-json\/wp\/v2\/types\/page"}],"author":[{"embeddable":true,"href":"https:\/\/stigversitylab.us.edu.pl\/index.php\/wp-json\/wp\/v2\/users\/1"}],"replies":[{"embeddable":true,"href":"https:\/\/stigversitylab.us.edu.pl\/index.php\/wp-json\/wp\/v2\/comments?post=200"}],"version-history":[{"count":2,"href":"https:\/\/stigversitylab.us.edu.pl\/index.php\/wp-json\/wp\/v2\/pages\/200\/revisions"}],"predecessor-version":[{"id":202,"href":"https:\/\/stigversitylab.us.edu.pl\/index.php\/wp-json\/wp\/v2\/pages\/200\/revisions\/202"}],"wp:attachment":[{"href":"https:\/\/stigversitylab.us.edu.pl\/index.php\/wp-json\/wp\/v2\/media?parent=200"}],"curies":[{"name":"wp","href":"https:\/\/api.w.org\/{rel}","templated":true}]}}