{"id":171,"date":"2022-09-21T09:39:04","date_gmt":"2022-09-21T09:39:04","guid":{"rendered":"https:\/\/stigversitylab.us.edu.pl\/?page_id=171"},"modified":"2022-09-21T09:39:04","modified_gmt":"2022-09-21T09:39:04","slug":"kontakt","status":"publish","type":"page","link":"https:\/\/stigversitylab.us.edu.pl\/index.php\/kontakt\/","title":{"rendered":"Kontakt"},"content":{"rendered":"\n<div id=\"wp-block-themeisle-blocks-advanced-columns-9d7da2b2\" class=\"wp-block-themeisle-blocks-advanced-columns has-1-columns has-desktop-equal-layout has-tablet-equal-layout has-mobile-equal-layout has-vertical-unset\"><div class=\"wp-block-themeisle-blocks-advanced-columns-overlay\"><\/div><div class=\"innerblocks-wrap\">\n<div id=\"wp-block-themeisle-blocks-advanced-column-80f06726\" class=\"wp-block-themeisle-blocks-advanced-column\">\n<div id=\"wp-block-themeisle-blocks-form-83898a4a\" class=\"wp-block-themeisle-blocks-form\" data-option-name=\"171_83898a4a\"><form class=\"otter-form__container\">\n<p style=\"font-size:18px\">Wszystkie osoby, kt\u00f3re s\u0105 zainteresowane dzia\u0142aniami Stigversity Lab, zach\u0119camy do kontaktu bezpo\u015bredniego z kierowniczk\u0105 laboratorium dr Ann\u0105 Pyszkowsk\u0105 (anna.pyszkowska@us.edu.pl) lub poprzez poni\u017cszy formularz kontaktowy.<\/p>\n\n\n\n<div id=\"wp-block-themeisle-blocks-form-input-6064b7cd\" class=\"wp-block-themeisle-blocks-form-input\"><label for=\"wp-block-themeisle-blocks-form-input-6064b7cd-input\" class=\"otter-form-input-label\"><span class=\"otter-form-input-label__label\">Imi\u0119<\/span><span class=\"required\">*<\/span><\/label><input type=\"text\" id=\"wp-block-themeisle-blocks-form-input-6064b7cd-input\" required class=\"otter-form-input\"\/><\/div>\n\n\n\n<div id=\"wp-block-themeisle-blocks-form-input-960f1e0b\" class=\"wp-block-themeisle-blocks-form-input\"><label for=\"wp-block-themeisle-blocks-form-input-960f1e0b-input\" class=\"otter-form-input-label\"><span class=\"otter-form-input-label__label\">Adres e-mail<\/span><span class=\"required\">*<\/span><\/label><input type=\"email\" id=\"wp-block-themeisle-blocks-form-input-960f1e0b-input\" required class=\"otter-form-input\"\/><\/div>\n\n\n\n<div id=\"wp-block-themeisle-blocks-form-textarea-77f081cf\" class=\"wp-block-themeisle-blocks-form-textarea\"><label for=\"wp-block-themeisle-blocks-form-textarea-77f081cf-input\" class=\"otter-form-textarea-label\"><span class=\"otter-form-textarea-label__label\">Tre\u015b\u0107 wiadomo\u015bci<\/span><\/label><textarea id=\"wp-block-themeisle-blocks-form-textarea-77f081cf-input\" rows=\"10\" class=\"otter-form-textarea-input\"><\/textarea><\/div>\n\n\n\n<p class=\"has-extra-small-font-size\">You agree to receive email communication from us by submitting this form and understand that your contact information will be stored with us.<\/p>\n\n\n<div class=\"protection\"><input type=\"hidden\" id=\"wp-block-themeisle-blocks-form-83898a4a_nonce_field\" name=\"wp-block-themeisle-blocks-form-83898a4a_nonce_field\" value=\"19ae2501e6\" \/><input type=\"hidden\" name=\"_wp_http_referer\" value=\"\/index.php\/wp-json\/wp\/v2\/pages\/171\" \/><\/div><div class=\"wp-block-button\"><button class=\"wp-block-button__link\" type=\"submit\">Submit<\/button><\/div><\/form><\/div>\n<\/div>\n<\/div><\/div>\n","protected":false},"excerpt":{"rendered":"","protected":false},"author":1,"featured_media":0,"parent":0,"menu_order":0,"comment_status":"closed","ping_status":"closed","template":"","meta":{"_themeisle_gutenberg_block_has_review":false,"_ti_tpc_template_sync":false,"_ti_tpc_template_id":"","footnotes":""},"class_list":["post-171","page","type-page","status-publish","hentry"],"_links":{"self":[{"href":"https:\/\/stigversitylab.us.edu.pl\/index.php\/wp-json\/wp\/v2\/pages\/171","targetHints":{"allow":["GET"]}}],"collection":[{"href":"https:\/\/stigversitylab.us.edu.pl\/index.php\/wp-json\/wp\/v2\/pages"}],"about":[{"href":"https:\/\/stigversitylab.us.edu.pl\/index.php\/wp-json\/wp\/v2\/types\/page"}],"author":[{"embeddable":true,"href":"https:\/\/stigversitylab.us.edu.pl\/index.php\/wp-json\/wp\/v2\/users\/1"}],"replies":[{"embeddable":true,"href":"https:\/\/stigversitylab.us.edu.pl\/index.php\/wp-json\/wp\/v2\/comments?post=171"}],"version-history":[{"count":1,"href":"https:\/\/stigversitylab.us.edu.pl\/index.php\/wp-json\/wp\/v2\/pages\/171\/revisions"}],"predecessor-version":[{"id":172,"href":"https:\/\/stigversitylab.us.edu.pl\/index.php\/wp-json\/wp\/v2\/pages\/171\/revisions\/172"}],"wp:attachment":[{"href":"https:\/\/stigversitylab.us.edu.pl\/index.php\/wp-json\/wp\/v2\/media?parent=171"}],"curies":[{"name":"wp","href":"https:\/\/api.w.org\/{rel}","templated":true}]}}