{"id":163,"date":"2022-09-21T09:21:49","date_gmt":"2022-09-21T09:21:49","guid":{"rendered":"https:\/\/stigversitylab.us.edu.pl\/?page_id=163"},"modified":"2022-11-08T18:54:25","modified_gmt":"2022-11-08T18:54:25","slug":"badanie_kamuflaz","status":"publish","type":"page","link":"https:\/\/stigversitylab.us.edu.pl\/index.php\/badanie_kamuflaz\/","title":{"rendered":"Projekt dotycz\u0105cy kamufla\u017cu spo\u0142ecznego i radzenia sobie w sytuacjach spo\u0142ecznych w\u015br\u00f3d doros\u0142ych os\u00f3b w spektrum autyzmu oraz z zaburzeniami l\u0119ku spo\u0142ecznego &#8211; ZAKO\u0143CZONE!"},"content":{"rendered":"\n<div id=\"wp-block-themeisle-blocks-advanced-columns-13fc4562\" class=\"wp-block-themeisle-blocks-advanced-columns has-1-columns has-desktop-equal-layout has-tablet-equal-layout has-mobile-equal-layout has-vertical-unset\"><div class=\"wp-block-themeisle-blocks-advanced-columns-overlay\"><\/div><div class=\"innerblocks-wrap\">\n<div id=\"wp-block-themeisle-blocks-advanced-column-96f71de8\" class=\"wp-block-themeisle-blocks-advanced-column\">\n<h2 class=\"wp-block-heading\"><strong>Bardzo dzi\u0119kujemy za zaanga\u017cowanie w badanie! W ciagu czterech dni otrzymali\u015bmy ponad 300 wype\u0142nionych ankiet oraz zg\u0142osze\u0144 do drugiej cz\u0119\u015bci badania, dlatego obecnie zako\u0144czyli\u015bmy proces zbierania danych. Osoby zainteresowane innymi badaniami prowadzonymi przez Stigversity Lab przy Uniwersytecie \u015al\u0105skim zapraszamy do kontaktu: stigversitylab@us.edu.pl lub \u015bledzenia naszej strony: www.stigversitylab.us.edu.pl .<\/strong><\/h2>\n\n\n\n<p style=\"font-size:18px\">Szanowni Pa\u0144stwo,<\/p>\n\n\n\n<p style=\"font-size:18px\">zapraszamy do udzia\u0142u w dwucz\u0119\u015bciowym badaniu naukowym prowadzonym przez zesp\u00f3\u0142 z Instytutu Psychologii Uniwersytetu \u015al\u0105skiego skierowanym do dw\u00f3ch grup os\u00f3b: 1) z zaburzeniami ze spektrum autyzmu oraz 2) z zaburzeniami l\u0119ku spo\u0142ecznego. (Osoby posiadaj\u0105ce obie diagnozy r\u00f3wnie\u017c s\u0105 zaproszone do udzia\u0142u w badaniu). Doros\u0142e osoby w spektrum autyzmu nierzadko nie otrzymuj\u0105 odpowiedniej diagnozy, poniewa\u017c do\u015bwiadczane przez nie objawy l\u0119kowe s\u0105 mylone wy\u0142\u0105cznie z l\u0119kiem spo\u0142ecznym. Z tego powodu niniejsze badanie ma na celu zbadanie, na czym polegaj\u0105 istotne r\u00f3\u017cnice w radzeniu sobie w sytuacjach spo\u0142ecznych w tych dw\u00f3ch grupach klinicznych, co pomo\u017ce przy stworzeniu praktycznych wskaz\u00f3wek diagnostycznych oraz pog\u0142\u0119bi rozumienie funkcjonowania doros\u0142ych os\u00f3b neuror\u00f3\u017cnorodnych \u2013 zar\u00f3wno pod k\u0105tem typowych trudno\u015bci, jak i potencjalnych czynnik\u00f3w ochronnych oraz sposob\u00f3w wsparcia ich dobrostanu.<\/p>\n<\/div>\n<\/div><\/div>\n\n\n\n<div class=\"wp-block-buttons is-layout-flex wp-block-buttons-is-layout-flex\">\n<div class=\"wp-block-button\"><a class=\"wp-block-button__link wp-element-button\" href=\"https:\/\/badania.paad.us.edu.pl\/index.php\/942843?lang=pl\" target=\"_blank\" rel=\"noreferrer noopener\">Przejd\u017a do pierwszej cz\u0119\u015bci badania!<\/a><\/div>\n<\/div>\n\n\n\n<p style=\"font-size:18px\"><strong>Badanie sk\u0142ada si\u0119 z dw\u00f3ch niepowi\u0105zanych ze sob\u0105 cz\u0119\u015bci. Oznacza to, \u017ce mo\u017cna wykona\u0107 tylko pierwsz\u0105, bez obowi\u0105zku anga\u017cowania si\u0119 w drug\u0105 cz\u0119\u015b\u0107.<\/strong> <\/p>\n\n\n\n<ol class=\"wp-block-list\" style=\"font-size:18px\">\n<li>Pierwsza cz\u0119\u015b\u0107 badania jest w pe\u0142ni anonimowa i polega na wype\u0142nieniu ankiet psychologicznych na platformie internetowej. Czas trwania wykonywania ankiet wyniesie oko\u0142o 30 minut. Na ko\u0144cu badania pojawi si\u0119 link do niepowi\u0105zanego formularza, w kt\u00f3rym mo\u017cna b\u0119dzie poda\u0107 swoje dane kontaktowe (adres e-mail) w celu wzi\u0119cia udzia\u0142u w drugiej cz\u0119\u015bci badania. <\/li>\n\n\n\n<li>Druga cz\u0119\u015b\u0107 polega na udziale w 30-minutowym wywiadzie on-line lub na \u017cywo w Instytucie Psychologii Uniwersytetu \u015al\u0105skiego (ul. Gra\u017cy\u0144skiego 53, Katowice), w czasie kt\u00f3rego b\u0119d\u0105 zadawane pytania dotycz\u0105ce typowych trudno\u015bci do\u015bwiadczanych w kontaktach z innymi osobami, stosowanymi strategiami radzenia sobie ze stresuj\u0105cymi sytuacjami spo\u0142ecznymi oraz wskaz\u00f3wkami, co jest pomocne dla danej osoby w relacjach z drugim cz\u0142owiekiem. Termin i forma wywiadu zostan\u0105 ustalone indywidualnie z ka\u017cd\u0105 osob\u0105 badan\u0105 oraz dostosowane do jego\/jej preferencji.<\/li>\n<\/ol>\n\n\n\n<p style=\"font-size:18px\"><strong>Udzia\u0142 w obu cz\u0119\u015bciach badania (wype\u0142nienie ankiety internetowej oraz udzia\u0142 w 30-minutowym wywiadzie) wi\u0105\u017ce si\u0119 z wynagrodzeniem w kwocie 100 z\u0142 brutto.<\/strong> Wszelkie szczeg\u00f3\u0142owe informacje dotycz\u0105ce udzia\u0142u w drugiej cz\u0119\u015bci badania zostan\u0105 przekazane w kontakcie mailowym (ustalenie formy spotkania i przeprowadzenia wywiadu, dane dotycz\u0105ce wyp\u0142aty \u015brodk\u00f3w, formy zabezpieczenia danych wra\u017cliwych niezb\u0119dnych do wykonania przelew\u00f3w bankowych lub wyp\u0142aty got\u00f3wki).<\/p>\n\n\n\n<div class=\"wp-block-media-text has-media-on-the-right is-stacked-on-mobile is-vertically-aligned-center\"><div class=\"wp-block-media-text__content\">\n<p style=\"font-size:18px\">Projekt jest finansowany ze \u015brodk\u00f3w Narodowego Centrum Nauki (grant Miniatura 6, nr rejestracyjny: 2022\/06\/X\/HS6\/00530).<\/p>\n\n\n\n<p style=\"font-size:18px\">Badanie prowadzone jest przez dr Ann\u0119 Pyszkowsk\u0105 z Instytutu Psychologii Uniwersytetu \u015al\u0105skiego w Katowicach (<a href=\"mailto:anna.pyszkowska@us.edu.pl\">anna.pyszkowska@us.edu.pl<\/a>) w ramach pracy Stigversity Lab, laboratorium skupiaj\u0105cym si\u0119 na przeciwdzia\u0142aniu stygmatyzacji os\u00f3b neuror\u00f3\u017cnorodnych.<\/p>\n<\/div><figure class=\"wp-block-media-text__media\"><img loading=\"lazy\" decoding=\"async\" width=\"640\" height=\"461\" src=\"https:\/\/stigversitylab.us.edu.pl\/wp-content\/uploads\/2022\/09\/MINIATURA_6-1.png\" alt=\"\" class=\"wp-image-157 size-full\" srcset=\"https:\/\/stigversitylab.us.edu.pl\/wp-content\/uploads\/2022\/09\/MINIATURA_6-1.png 640w, https:\/\/stigversitylab.us.edu.pl\/wp-content\/uploads\/2022\/09\/MINIATURA_6-1-300x216.png 300w\" sizes=\"auto, (max-width: 640px) 100vw, 640px\" \/><\/figure><\/div>\n\n\n\n<h2 class=\"wp-block-heading\"><strong>Rekrutacja do zespo\u0142u badawczo-klinicznego<\/strong><\/h2>\n\n\n\n<p style=\"font-size:18px\">Zapraszamy do rekrutacji do zespo\u0142u badawczego w ramach projektu naukowo-klinicznego \u201eKamufla\u017c spo\u0142eczny jako kompensacyjna strategia radzenia sobie z dysregulacj\u0105 emocjonaln\u0105. Konceptualizacja mechanizmu funkcjonowania u os\u00f3b w spektrum autyzmu oraz z rozpoznaniem l\u0119ku spo\u0142ecznego\u201d. Cz\u0142onkowie i cz\u0142onkinie zespo\u0142u badawczego b\u0119d\u0105 mieli za zadanie rekrutacj\u0119 os\u00f3b badanych z rozpoznaniem zaburze\u0144 ze spektrum autyzmu lub zaburze\u0144 l\u0119ku spo\u0142ecznego oraz przeprowadzenie z nimi wcze\u015bniej przygotowanych wywiad\u00f3w p\u00f3\u0142ustrukturyzowanych, Udzia\u0142 w projekcie wi\u0105\u017ce si\u0119 w wynagrodzeniem. Poni\u017cej znajduj\u0105 si\u0119 informacje na temat projektu oraz kryteria rekrutacji.<\/p>\n\n\n\n<div class=\"wp-block-buttons is-layout-flex wp-block-buttons-is-layout-flex\">\n<div class=\"wp-block-button\"><a class=\"wp-block-button__link wp-element-button\" href=\"https:\/\/us.edu.pl\/instytut\/ip\/2022\/09\/20\/rekrutacja-do-projektu-badawczego\/\" target=\"_blank\" rel=\"noreferrer noopener\">Dowiedz si\u0119 wi\u0119cej i aplikuj!<\/a><\/div>\n<\/div>\n","protected":false},"excerpt":{"rendered":"<p>Badanie sk\u0142ada si\u0119 z dw\u00f3ch niepowi\u0105zanych ze sob\u0105 cz\u0119\u015bci. Oznacza to, \u017ce mo\u017cna wykona\u0107 tylko pierwsz\u0105, bez obowi\u0105zku anga\u017cowania si\u0119 w drug\u0105 cz\u0119\u015b\u0107. Udzia\u0142 w obu cz\u0119\u015bciach badania (wype\u0142nienie ankiety internetowej oraz udzia\u0142 w 30-minutowym wywiadzie) wi\u0105\u017ce si\u0119 z wynagrodzeniem w kwocie 100 z\u0142 brutto. Wszelkie szczeg\u00f3\u0142owe informacje dotycz\u0105ce udzia\u0142u w drugiej cz\u0119\u015bci badania zostan\u0105 [&hellip;]<\/p>\n","protected":false},"author":1,"featured_media":0,"parent":0,"menu_order":0,"comment_status":"closed","ping_status":"closed","template":"","meta":{"_themeisle_gutenberg_block_has_review":false,"_ti_tpc_template_sync":false,"_ti_tpc_template_id":"","footnotes":""},"class_list":["post-163","page","type-page","status-publish","hentry"],"_links":{"self":[{"href":"https:\/\/stigversitylab.us.edu.pl\/index.php\/wp-json\/wp\/v2\/pages\/163","targetHints":{"allow":["GET"]}}],"collection":[{"href":"https:\/\/stigversitylab.us.edu.pl\/index.php\/wp-json\/wp\/v2\/pages"}],"about":[{"href":"https:\/\/stigversitylab.us.edu.pl\/index.php\/wp-json\/wp\/v2\/types\/page"}],"author":[{"embeddable":true,"href":"https:\/\/stigversitylab.us.edu.pl\/index.php\/wp-json\/wp\/v2\/users\/1"}],"replies":[{"embeddable":true,"href":"https:\/\/stigversitylab.us.edu.pl\/index.php\/wp-json\/wp\/v2\/comments?post=163"}],"version-history":[{"count":4,"href":"https:\/\/stigversitylab.us.edu.pl\/index.php\/wp-json\/wp\/v2\/pages\/163\/revisions"}],"predecessor-version":[{"id":215,"href":"https:\/\/stigversitylab.us.edu.pl\/index.php\/wp-json\/wp\/v2\/pages\/163\/revisions\/215"}],"wp:attachment":[{"href":"https:\/\/stigversitylab.us.edu.pl\/index.php\/wp-json\/wp\/v2\/media?parent=163"}],"curies":[{"name":"wp","href":"https:\/\/api.w.org\/{rel}","templated":true}]}}