{"id":150,"date":"2022-09-21T09:22:00","date_gmt":"2022-09-21T09:22:00","guid":{"rendered":"https:\/\/stigversitylab.us.edu.pl\/?page_id=150"},"modified":"2022-09-21T18:21:43","modified_gmt":"2022-09-21T18:21:43","slug":"aktualne-projekty","status":"publish","type":"page","link":"https:\/\/stigversitylab.us.edu.pl\/index.php\/aktualne-projekty\/","title":{"rendered":"Aktualne projekty"},"content":{"rendered":"\n<div id=\"wp-block-themeisle-blocks-advanced-columns-ec66a3c0\" class=\"wp-block-themeisle-blocks-advanced-columns has-1-columns has-desktop-twoOne-layout has-tablet-equal-layout has-mobile-equal-layout has-vertical-unset\"><div class=\"wp-block-themeisle-blocks-advanced-columns-overlay\"><\/div><div class=\"innerblocks-wrap\">\n<div id=\"wp-block-themeisle-blocks-advanced-column-186c6457\" class=\"wp-block-themeisle-blocks-advanced-column\">\n<div class=\"wp-block-group is-vertical is-layout-flex wp-container-core-group-is-layout-8cf370e7 wp-block-group-is-layout-flex\">\n<h2 id=\"wp-block-themeisle-blocks-advanced-heading-18c1e1b6\" class=\"wp-block-themeisle-blocks-advanced-heading wp-block-themeisle-blocks-advanced-heading-18c1e1b6\"><strong>Projekt dotycz\u0105cy kamufla\u017cu spo\u0142ecznego i radzenia sobie w sytuacjach spo\u0142ecznych w\u015br\u00f3d doros\u0142ych os\u00f3b w spektrum autyzmu oraz z zaburzeniami l\u0119ku spo\u0142ecznego<\/strong><\/h2>\n\n\n\n<div class=\"wp-block-media-text alignwide is-stacked-on-mobile\" style=\"grid-template-columns:40% auto\"><figure class=\"wp-block-media-text__media\"><img loading=\"lazy\" decoding=\"async\" width=\"640\" height=\"461\" src=\"https:\/\/stigversitylab.us.edu.pl\/wp-content\/uploads\/2022\/09\/MINIATURA_6-1.png\" alt=\"\" class=\"wp-image-157 size-full\" srcset=\"https:\/\/stigversitylab.us.edu.pl\/wp-content\/uploads\/2022\/09\/MINIATURA_6-1.png 640w, https:\/\/stigversitylab.us.edu.pl\/wp-content\/uploads\/2022\/09\/MINIATURA_6-1-300x216.png 300w\" sizes=\"auto, (max-width: 640px) 100vw, 640px\" \/><\/figure><div class=\"wp-block-media-text__content\">\n<p style=\"font-size:18px\">Dwucz\u0119\u015bciowe badanie naukowe finansowane ze \u015brodk\u00f3w Narodowego Centrum Nauki (nr rejestracyjny: 2022\/06\/X\/HS6\/00530). Doros\u0142e osoby w spektrum autyzmu nierzadko nie otrzymuj\u0105 odpowiedniej diagnozy, poniewa\u017c do\u015bwiadczane przez nie objawy l\u0119kowe s\u0105 mylone wy\u0142\u0105cznie z l\u0119kiem spo\u0142ecznym. Z tego powodu niniejsze badanie ma na celu zbadanie, na czym polegaj\u0105 istotne r\u00f3\u017cnice w radzeniu sobie w sytuacjach spo\u0142ecznych w tych dw\u00f3ch grupach klinicznych, co pomo\u017ce przy stworzeniu praktycznych wskaz\u00f3wek diagnostycznych oraz pog\u0142\u0119bi rozumienie funkcjonowania doros\u0142ych os\u00f3b neuror\u00f3\u017cnorodnych \u2013 zar\u00f3wno pod k\u0105tem typowych trudno\u015bci, jak i potencjalnych czynnik\u00f3w ochronnych oraz sposob\u00f3w wsparcia ich dobrostanu.<\/p>\n\n\n\n<div class=\"wp-block-buttons is-layout-flex wp-block-buttons-is-layout-flex\">\n<div class=\"wp-block-button\"><a class=\"wp-block-button__link\" href=\"https:\/\/stigversitylab.us.edu.pl\/index.php\/projekt-dotyczacy-kamuflazu-spolecznego-i-radzenia-sobie-w-sytuacjach-spolecznych-wsrod-doroslych-osob-w-spektrum-autyzmu-oraz-z-zaburzeniami-leku-spolecznego\/\">Dowiedz si\u0119 wi\u0119cej i we\u017a udzia\u0142 w badaniu!<\/a><\/div>\n<\/div>\n<\/div><\/div>\n<\/div>\n\n\n\n<div class=\"wp-block-group is-vertical is-layout-flex wp-container-core-group-is-layout-8cf370e7 wp-block-group-is-layout-flex\">\n<h2 id=\"wp-block-themeisle-blocks-advanced-heading-5599e341\" class=\"wp-block-themeisle-blocks-advanced-heading wp-block-themeisle-blocks-advanced-heading-5599e341\"><strong>Og\u00f3lnopolskie badanie potrzeb i trudno\u015bci neuror\u00f3\u017cnorodnych studentek i student\u00f3w polskich uczeni wy\u017cszych <\/strong><\/h2>\n\n\n\n<div class=\"wp-block-media-text alignwide is-stacked-on-mobile\" style=\"grid-template-columns:40% auto\"><figure class=\"wp-block-media-text__media\"><img loading=\"lazy\" decoding=\"async\" width=\"1024\" height=\"1024\" src=\"https:\/\/stigversitylab.us.edu.pl\/wp-content\/uploads\/2022\/09\/iStock-1013213800-1024x1024.jpg\" alt=\"\" class=\"wp-image-175 size-full\" srcset=\"https:\/\/stigversitylab.us.edu.pl\/wp-content\/uploads\/2022\/09\/iStock-1013213800.jpg 1024w, https:\/\/stigversitylab.us.edu.pl\/wp-content\/uploads\/2022\/09\/iStock-1013213800-300x300.jpg 300w, https:\/\/stigversitylab.us.edu.pl\/wp-content\/uploads\/2022\/09\/iStock-1013213800-150x150.jpg 150w, https:\/\/stigversitylab.us.edu.pl\/wp-content\/uploads\/2022\/09\/iStock-1013213800-768x768.jpg 768w\" sizes=\"auto, (max-width: 1024px) 100vw, 1024px\" \/><\/figure><div class=\"wp-block-media-text__content\">\n<p style=\"font-size:18px\">Og\u00f3lnopolskie badanie potrzeb i trudno\u015bci neuror\u00f3\u017cnorodnych studentek i student\u00f3w polskich uczelni. <\/p>\n\n\n\n<p style=\"font-size:18px\">Celem badania jest:<\/p>\n\n\n\n<ul class=\"wp-block-list\" style=\"font-size:18px\"><li>opracowa\u0107 <strong>narz\u0119dzie do oceny potrzeb i mocnych stron <\/strong>student\u00f3w neuroatypowych<\/li><li>przygotowa\u0107 <strong>raport na temat student\u00f3w neuroatypowych <\/strong>na uczelniach wy\u017cszych<\/li><li>przekonywa\u0107 do zapewnienia studentom neuroatypowym <strong>wi\u0119kszego wsparcia<\/strong> w studiowaniu<\/li><\/ul>\n\n\n\n<div class=\"wp-block-buttons is-layout-flex wp-block-buttons-is-layout-flex\">\n<div class=\"wp-block-button\"><a class=\"wp-block-button__link\" href=\"https:\/\/sites.google.com\/psych.uw.edu.pl\/badanie-studentow\/dla-student%C3%B3w-neuroatypowych?authuser=0\">Dowiedz si\u0119 wi\u0119cej i we\u017a udzia\u0142 w badaniu!<\/a><\/div>\n<\/div>\n<\/div><\/div>\n<\/div>\n<\/div>\n<\/div><\/div>\n\n\n\n<div id=\"wp-block-themeisle-blocks-advanced-columns-f570d961\" class=\"wp-block-themeisle-blocks-advanced-columns has-1-columns has-desktop-twoOne-layout has-tablet-equal-layout has-mobile-equal-layout has-vertical-unset\"><div class=\"wp-block-themeisle-blocks-advanced-columns-overlay\"><\/div><div class=\"innerblocks-wrap\">\n<div id=\"wp-block-themeisle-blocks-advanced-column-49f39ea2\" class=\"wp-block-themeisle-blocks-advanced-column\">\n<div class=\"wp-block-group is-vertical is-layout-flex wp-container-core-group-is-layout-8cf370e7 wp-block-group-is-layout-flex\">\n<h2 class=\"wp-block-heading\"><strong><strong>Badanie autostygmatyzacji i dysregulacji emocjonalnej w grupie os\u00f3b z zaburzeniami osobowo\u015bci typu borderline oraz z diagnoz\u0105 zaburze\u0144 depresyjnych<\/strong><\/strong><\/h2>\n\n\n\n<div class=\"wp-block-media-text alignwide is-stacked-on-mobile\" style=\"grid-template-columns:40% auto\"><figure class=\"wp-block-media-text__media\"><img loading=\"lazy\" decoding=\"async\" width=\"1024\" height=\"699\" src=\"https:\/\/stigversitylab.us.edu.pl\/wp-content\/uploads\/2022\/09\/Untitled-1024x699.jpg\" alt=\"\" class=\"wp-image-152 size-full\" srcset=\"https:\/\/stigversitylab.us.edu.pl\/wp-content\/uploads\/2022\/09\/Untitled-1024x699.jpg 1024w, https:\/\/stigversitylab.us.edu.pl\/wp-content\/uploads\/2022\/09\/Untitled-300x205.jpg 300w, https:\/\/stigversitylab.us.edu.pl\/wp-content\/uploads\/2022\/09\/Untitled-768x524.jpg 768w, https:\/\/stigversitylab.us.edu.pl\/wp-content\/uploads\/2022\/09\/Untitled.jpg 1280w\" sizes=\"auto, (max-width: 1024px) 100vw, 1024px\" \/><\/figure><div class=\"wp-block-media-text__content\">\n<p style=\"font-size:18px\">Celem projektu jest zbadanie zjawiska fantazjowania na jawie (tzw. maladaptive daydreaming) w grupie os\u00f3b z rozpoznaniem zaburzenia osobowo\u015bci chwiejnej emocjonalnie (borderline) oraz os\u00f3b z diagnoz\u0105 zaburze\u0144 depresyjnych. Badaczki chc\u0105 sprawdzi\u0107 funkcj\u0119 fantazjowania na jawie i zwi\u0105zk\u00f3w z&nbsp;umiej\u0119tno\u015bciami z zakresu radzenia sobie z emocjami, unikania emocji i \u017cyciowych trudno\u015bci, a tak\u017ce nastrojem i samoakceptacj\u0105, szczeg\u00f3lnie w kontek\u015bcie do\u015bwiadczenia zaburzenia osobowo\u015bci. Uzyskane wyniki pozwol\u0105 na lepsze zrozumienie fantazjowania na jawie i jego znaczenia dla codziennego \u017cycia jednostki, co pomo\u017ce w okre\u015bleniu zar\u00f3wno pozytywnych, jak i negatywnych skutk\u00f3w tego zjawiska.<\/p>\n\n\n\n<div class=\"wp-block-buttons is-layout-flex wp-block-buttons-is-layout-flex\">\n<div class=\"wp-block-button\"><a class=\"wp-block-button__link\" href=\"https:\/\/stigversitylab.us.edu.pl\/index.php\/badanie-autostygmatyzacji-i-dysregulacji-emocjonalnej-w-grupie-osob-z-zaburzeniami-osobowosci-typu-borderline-lub-z-diagnoza-zaburzen-depresyjnych\/\">Dowiedz si\u0119 wi\u0119cej i we\u017a udzia\u0142 w badaniu!<\/a><\/div>\n<\/div>\n<\/div><\/div>\n<\/div>\n<\/div>\n<\/div><\/div>\n","protected":false},"excerpt":{"rendered":"","protected":false},"author":1,"featured_media":0,"parent":0,"menu_order":0,"comment_status":"closed","ping_status":"closed","template":"","meta":{"_themeisle_gutenberg_block_has_review":false,"_ti_tpc_template_sync":false,"_ti_tpc_template_id":"","footnotes":""},"class_list":["post-150","page","type-page","status-publish","hentry"],"_links":{"self":[{"href":"https:\/\/stigversitylab.us.edu.pl\/index.php\/wp-json\/wp\/v2\/pages\/150","targetHints":{"allow":["GET"]}}],"collection":[{"href":"https:\/\/stigversitylab.us.edu.pl\/index.php\/wp-json\/wp\/v2\/pages"}],"about":[{"href":"https:\/\/stigversitylab.us.edu.pl\/index.php\/wp-json\/wp\/v2\/types\/page"}],"author":[{"embeddable":true,"href":"https:\/\/stigversitylab.us.edu.pl\/index.php\/wp-json\/wp\/v2\/users\/1"}],"replies":[{"embeddable":true,"href":"https:\/\/stigversitylab.us.edu.pl\/index.php\/wp-json\/wp\/v2\/comments?post=150"}],"version-history":[{"count":5,"href":"https:\/\/stigversitylab.us.edu.pl\/index.php\/wp-json\/wp\/v2\/pages\/150\/revisions"}],"predecessor-version":[{"id":204,"href":"https:\/\/stigversitylab.us.edu.pl\/index.php\/wp-json\/wp\/v2\/pages\/150\/revisions\/204"}],"wp:attachment":[{"href":"https:\/\/stigversitylab.us.edu.pl\/index.php\/wp-json\/wp\/v2\/media?parent=150"}],"curies":[{"name":"wp","href":"https:\/\/api.w.org\/{rel}","templated":true}]}}