{"id":141,"date":"2022-09-19T09:59:03","date_gmt":"2022-09-19T09:59:03","guid":{"rendered":"https:\/\/stigversitylab.us.edu.pl\/?page_id=141"},"modified":"2022-09-21T12:53:07","modified_gmt":"2022-09-21T12:53:07","slug":"zespol","status":"publish","type":"page","link":"https:\/\/stigversitylab.us.edu.pl\/index.php\/zespol\/","title":{"rendered":"Zesp\u00f3\u0142"},"content":{"rendered":"\n<h2 class=\"wp-block-heading\"><strong>Kierowniczka projektu<\/strong><\/h2>\n\n\n\n<div class=\"wp-block-media-text alignwide is-stacked-on-mobile\" style=\"grid-template-columns:24% auto\"><figure class=\"wp-block-media-text__media\"><img loading=\"lazy\" decoding=\"async\" width=\"830\" height=\"1024\" src=\"https:\/\/stigversitylab.us.edu.pl\/wp-content\/uploads\/2022\/09\/IMG_20180820_1617232-830x1024.jpg\" alt=\"\" class=\"wp-image-147 size-full\" srcset=\"https:\/\/stigversitylab.us.edu.pl\/wp-content\/uploads\/2022\/09\/IMG_20180820_1617232-830x1024.jpg 830w, https:\/\/stigversitylab.us.edu.pl\/wp-content\/uploads\/2022\/09\/IMG_20180820_1617232-243x300.jpg 243w, https:\/\/stigversitylab.us.edu.pl\/wp-content\/uploads\/2022\/09\/IMG_20180820_1617232-768x947.jpg 768w, https:\/\/stigversitylab.us.edu.pl\/wp-content\/uploads\/2022\/09\/IMG_20180820_1617232-1246x1536.jpg 1246w, https:\/\/stigversitylab.us.edu.pl\/wp-content\/uploads\/2022\/09\/IMG_20180820_1617232-1661x2048.jpg 1661w, https:\/\/stigversitylab.us.edu.pl\/wp-content\/uploads\/2022\/09\/IMG_20180820_1617232.jpg 1908w\" sizes=\"auto, (max-width: 830px) 100vw, 830px\" \/><\/figure><div class=\"wp-block-media-text__content\">\n<p>Dr n. spo\u0142. Anna Pyszkowska &#8211; psycholo\u017cka, doktorka nauk spo\u0142ecznych w dyscyplinie psychologia, psychoterapeutka w trakcie czteroletniego szkolenia w nurcie terapii poznawczo-behawioralnej, pracowniczka naukowo-dydaktyczna w Instytucie Psychologii na Uniwersytecie \u015al\u0105skim w Katowicach. Wsp\u00f3\u0142pracuje z m\u0142odzie\u017c\u0105 i doros\u0142ymi w kryzysie psychicznym, a tak\u017ce z osobami choruj\u0105cymi przewlekle i z zaburzeniami ze spektrum autyzmu oraz ich rodzinami, w oparciu o terapi\u0119 poznawczo-behawioraln\u0105, w tym ACT, terapi\u0119 schematu i DBT. W pracy naukowej zajmuje si\u0119 tematyk\u0105 wykluczenia spo\u0142ecznego i autostygmatyzacji w grupach mniejszo\u015bciowych oraz zwi\u0105zkami pomi\u0119dzy do\u015bwiadczeniem kryzysu psychicznego a zasobami wewn\u0119trznymi (wsp\u00f3\u0142czuciem wobec samego siebie oraz elastyczno\u015bci\u0105 psychologiczn\u0105). Stypendystka Ministerstwa Nauki i Szkolnictwa Wy\u017cszego. Czas wolny dzieli mi\u0119dzy jazd\u0105 na rowerze (za ma\u0142o) i czytaniem ksi\u0105\u017cek (za du\u017co).<\/p>\n\n\n\n<p><\/p>\n<\/div><\/div>\n\n\n\n<h2 class=\"wp-block-heading\"><strong>Osoby wsp\u00f3\u0142pracuj\u0105ce<\/strong><\/h2>\n","protected":false},"excerpt":{"rendered":"<p>Kierowniczka projektu Dr n. spo\u0142. Anna Pyszkowska &#8211; psycholo\u017cka, doktorka nauk spo\u0142ecznych w dyscyplinie psychologia, psychoterapeutka w trakcie czteroletniego szkolenia w nurcie terapii poznawczo-behawioralnej, pracowniczka naukowo-dydaktyczna w Instytucie Psychologii na Uniwersytecie \u015al\u0105skim w Katowicach. Wsp\u00f3\u0142pracuje z m\u0142odzie\u017c\u0105 i doros\u0142ymi w kryzysie psychicznym, a tak\u017ce z osobami choruj\u0105cymi przewlekle i z zaburzeniami ze spektrum autyzmu oraz [&hellip;]<\/p>\n","protected":false},"author":1,"featured_media":0,"parent":0,"menu_order":0,"comment_status":"closed","ping_status":"closed","template":"","meta":{"_themeisle_gutenberg_block_has_review":false,"_ti_tpc_template_sync":false,"_ti_tpc_template_id":"","footnotes":""},"class_list":["post-141","page","type-page","status-publish","hentry"],"_links":{"self":[{"href":"https:\/\/stigversitylab.us.edu.pl\/index.php\/wp-json\/wp\/v2\/pages\/141","targetHints":{"allow":["GET"]}}],"collection":[{"href":"https:\/\/stigversitylab.us.edu.pl\/index.php\/wp-json\/wp\/v2\/pages"}],"about":[{"href":"https:\/\/stigversitylab.us.edu.pl\/index.php\/wp-json\/wp\/v2\/types\/page"}],"author":[{"embeddable":true,"href":"https:\/\/stigversitylab.us.edu.pl\/index.php\/wp-json\/wp\/v2\/users\/1"}],"replies":[{"embeddable":true,"href":"https:\/\/stigversitylab.us.edu.pl\/index.php\/wp-json\/wp\/v2\/comments?post=141"}],"version-history":[{"count":3,"href":"https:\/\/stigversitylab.us.edu.pl\/index.php\/wp-json\/wp\/v2\/pages\/141\/revisions"}],"predecessor-version":[{"id":188,"href":"https:\/\/stigversitylab.us.edu.pl\/index.php\/wp-json\/wp\/v2\/pages\/141\/revisions\/188"}],"wp:attachment":[{"href":"https:\/\/stigversitylab.us.edu.pl\/index.php\/wp-json\/wp\/v2\/media?parent=141"}],"curies":[{"name":"wp","href":"https:\/\/api.w.org\/{rel}","templated":true}]}}