{"id":110,"date":"2019-11-26T12:22:54","date_gmt":"2019-11-26T12:22:54","guid":{"rendered":"https:\/\/demosites.io\/blogger-gb\/?page_id=5"},"modified":"2022-09-21T10:08:32","modified_gmt":"2022-09-21T10:08:32","slug":"582c1-blogger-gb-home","status":"publish","type":"page","link":"https:\/\/stigversitylab.us.edu.pl\/","title":{"rendered":""},"content":{"rendered":"\n<div class=\"wp-block-cover is-light\" style=\"min-height:417px;aspect-ratio:unset;\"><span aria-hidden=\"true\" class=\"wp-block-cover__background has-background-dim\"><\/span><img loading=\"lazy\" decoding=\"async\" width=\"1254\" height=\"836\" class=\"wp-block-cover__image-background wp-image-183\" alt=\"\" src=\"https:\/\/stigversitylab.us.edu.pl\/wp-content\/uploads\/2022\/09\/iStock-1215705539-1.jpg\" data-object-fit=\"cover\" srcset=\"https:\/\/stigversitylab.us.edu.pl\/wp-content\/uploads\/2022\/09\/iStock-1215705539-1.jpg 1254w, https:\/\/stigversitylab.us.edu.pl\/wp-content\/uploads\/2022\/09\/iStock-1215705539-1-300x200.jpg 300w, https:\/\/stigversitylab.us.edu.pl\/wp-content\/uploads\/2022\/09\/iStock-1215705539-1-1024x683.jpg 1024w, https:\/\/stigversitylab.us.edu.pl\/wp-content\/uploads\/2022\/09\/iStock-1215705539-1-768x512.jpg 768w\" sizes=\"auto, (max-width: 1254px) 100vw, 1254px\" \/><div class=\"wp-block-cover__inner-container is-layout-flow wp-block-cover-is-layout-flow\">\n<p class=\"has-text-align-center has-large-font-size\"><strong>Stigversity Lab<\/strong> &#8211; Laboratorium Stygmatyzacji i R\u00f3\u017cnorodno\u015bci przy Instytucie Psychologii Uniwersytetu \u015al\u0105skiego w Katowicach zajmuje si\u0119 badaniami naukowymi maj\u0105cymi na celu popraw\u0119 jako\u015bci \u017cycia os\u00f3b przynale\u017c\u0105cych do grup mniejszo\u015bciowych &#8211; dowiedz si\u0119 wi\u0119cej o naszych dzia\u0142aniach!<\/p>\n<\/div><\/div>\n\n\n\n<hr class=\"wp-block-separator has-alpha-channel-opacity\"\/>\n\n\n\n<div id=\"wp-block-themeisle-blocks-advanced-columns-5a83b79b\" class=\"wp-block-themeisle-blocks-advanced-columns alignfull has-1-columns has-desktop-equal-layout has-tablet-equal-layout has-mobile-equal-layout has-vertical-center\"><div class=\"wp-block-themeisle-blocks-advanced-columns-overlay\"><\/div><div class=\"innerblocks-wrap\">\n<div id=\"wp-block-themeisle-blocks-advanced-column-67e16009\" class=\"wp-block-themeisle-blocks-advanced-column ticss-5418d6a3\">\n<div class=\"wp-block-query is-layout-flow wp-block-query-is-layout-flow\"><ul class=\"wp-block-post-template is-layout-flow wp-block-post-template-is-layout-flow\"><li class=\"wp-block-post post-206 post type-post status-publish format-standard hentry category-uncategorized\">\n<h1 style=\"font-style:normal;font-weight:500;\" class=\"wp-block-post-title has-text-color has-black-color\"><a href=\"https:\/\/stigversitylab.us.edu.pl\/index.php\/2022\/11\/05\/badanie\/\" target=\"_self\" >Ruszamy z badaniem kamufla\u017cu spo\u0142ecznego w\u015br\u00f3d os\u00f3b neuror\u00f3\u017cnorodnych i\/lub z l\u0119kiem spo\u0142ecznym! &#8211; ZAKO\u0143CZONE!<\/a><\/h1>\n\n\n\n<div class=\"wp-block-post-excerpt\"><p class=\"wp-block-post-excerpt__excerpt\">Bardzo dzi\u0119kujemy za zaanga\u017cowanie w badanie! W ciagu czterech dni otrzymali\u015bmy ponad 300 wype\u0142nionych ankiet oraz zg\u0142osze\u0144 do drugiej cz\u0119\u015bci badania, dlatego obecnie zako\u0144czyli\u015bmy proces zbierania danych. Osoby zainteresowane innymi badaniami prowadzonymi przez Stigversity Lab przy Uniwersytecie \u015al\u0105skim zapraszamy do kontaktu: stigversitylab@us.edu.pl lub \u015bledzenia naszej strony: www.stigversitylab.us.edu.pl . Dwucz\u0119\u015bciowe badanie naukowe finansowane ze \u015brodk\u00f3w Narodowego<\/p><p class=\"wp-block-post-excerpt__more-text\"><a class=\"wp-block-post-excerpt__more-link\" href=\"https:\/\/stigversitylab.us.edu.pl\/index.php\/2022\/11\/05\/badanie\/\">Dowiedz si\u0119 wi\u0119cej<\/a><\/p><\/div>\n\n\n<hr class=\"wp-block-separator has-css-opacity\"\/>\n\n\n<div class=\"wp-block-post-date\"><time datetime=\"2022-11-05T11:27:26+00:00\">5 listopada, 2022<\/time><\/div>\n<\/li><li class=\"wp-block-post post-177 post type-post status-publish format-standard hentry category-uncategorized\">\n<h1 style=\"font-style:normal;font-weight:500;\" class=\"wp-block-post-title has-text-color has-black-color\"><a href=\"https:\/\/stigversitylab.us.edu.pl\/index.php\/2022\/09\/21\/miniatura-6-dla-kierowniczki-stigversity-lab\/\" target=\"_self\" >MINIATURA 6 dla kierowniczki Stigversity Lab<\/a><\/h1>\n\n\n\n<div class=\"wp-block-post-excerpt\"><p class=\"wp-block-post-excerpt__excerpt\">Kierowniczka Stigversity Lab, dr Anna Pyszkowska, zosta\u0142a laureatk\u0105 konkursu grantowego prowadzonego przez Narodowe Centrum Nauki MINIATURA 6. Grant pozwoli na przeprowadzenie badania pilota\u017cowego dotycz\u0105cego stosowania kamufla\u017cu spo\u0142ecznego oraz radzenia sobie w sytuacjach spo\u0142ecznych w grupach doros\u0142ych os\u00f3b w spektrum autyzmu oraz z diagnoz\u0105 zaburzenia l\u0119ku spo\u0142ecznego. Doros\u0142e osoby w spektrum autyzmu nierzadko nie otrzymuj\u0105 odpowiedniej<\/p><p class=\"wp-block-post-excerpt__more-text\"><a class=\"wp-block-post-excerpt__more-link\" href=\"https:\/\/stigversitylab.us.edu.pl\/index.php\/2022\/09\/21\/miniatura-6-dla-kierowniczki-stigversity-lab\/\">Dowiedz si\u0119 wi\u0119cej<\/a><\/p><\/div>\n\n\n<hr class=\"wp-block-separator has-css-opacity\"\/>\n\n\n<div class=\"wp-block-post-date\"><time datetime=\"2022-09-21T09:55:32+00:00\">21 wrze\u015bnia, 2022<\/time><\/div>\n<\/li><li class=\"wp-block-post post-174 post type-post status-publish format-standard hentry category-uncategorized\">\n<h1 style=\"font-style:normal;font-weight:500;\" class=\"wp-block-post-title has-text-color has-black-color\"><a href=\"https:\/\/stigversitylab.us.edu.pl\/index.php\/2022\/09\/21\/ruszamy-ze-stigversity-lab\/\" target=\"_self\" >Ruszamy ze Stigversity Lab!<\/a><\/h1>\n\n\n\n<div class=\"wp-block-post-excerpt\"><p class=\"wp-block-post-excerpt__excerpt\">W roku akademickim 2022\/2023 rusza dzia\u0142alno\u015b\u0107 Stigversity Lab &#8211; Laboratorium Stygmatyzacji i R\u00f3\u017cnorodno\u015bci. Projekt powsta\u0142 z inicjatywy dr Anny Pyszkowskiej, pracowniczki naukowo-dydaktycznej Instytutu Psychologii Uniwersytetu \u015al\u0105skiego w Katowicach. W ramach Stigversity Lab b\u0119d\u0105 prowadzone badania naukowe oraz dzia\u0142ania profilaktyki zdrowia psychicznego skierowane do grup mniejszo\u015bciowych, takich jak osoby neuror\u00f3\u017cnorodne lub z zaburzeniami psychicznymi, przynale\u017c\u0105ce do<\/p><p class=\"wp-block-post-excerpt__more-text\"><a class=\"wp-block-post-excerpt__more-link\" href=\"https:\/\/stigversitylab.us.edu.pl\/index.php\/2022\/09\/21\/ruszamy-ze-stigversity-lab\/\">Dowiedz si\u0119 wi\u0119cej<\/a><\/p><\/div>\n\n\n<hr class=\"wp-block-separator has-css-opacity\"\/>\n\n\n<div class=\"wp-block-post-date\"><time datetime=\"2022-09-21T09:51:21+00:00\">21 wrze\u015bnia, 2022<\/time><\/div>\n<\/li><\/ul><\/div>\n<\/div>\n<\/div><\/div>\n\n\n\n<div id=\"wp-block-themeisle-blocks-advanced-columns-194b2b21\" class=\"wp-block-themeisle-blocks-advanced-columns alignfull has-0-columns has-desktop-equal-layout has-tablet-equal-layout has-mobile-equal-layout has-vertical-unset\"><div class=\"wp-block-themeisle-blocks-advanced-columns-overlay\"><\/div><div class=\"innerblocks-wrap\"><\/div><\/div>\n\n\n\n<div id=\"wp-block-themeisle-blocks-advanced-columns-6f11e740\" class=\"wp-block-themeisle-blocks-advanced-columns alignfull has-0-columns has-desktop-equal-layout has-tablet-equal-layout has-mobile-equal-layout has-vertical-unset\"><div class=\"wp-block-themeisle-blocks-advanced-columns-overlay\"><\/div><div class=\"innerblocks-wrap\"><\/div><\/div>\n\n\n\n<div id=\"wp-block-themeisle-blocks-advanced-columns-6a564611\" class=\"wp-block-themeisle-blocks-advanced-columns alignfull has-3-columns has-desktop-equal-layout has-tablet-equal-layout has-mobile-collapsedRows-layout has-vertical-unset\"><div class=\"wp-block-themeisle-blocks-advanced-columns-overlay\"><\/div><div class=\"innerblocks-wrap\">\n<div id=\"wp-block-themeisle-blocks-advanced-column-374d5d80\" class=\"wp-block-themeisle-blocks-advanced-column ticss-0e1467b8\"><\/div>\n\n\n\n<div id=\"wp-block-themeisle-blocks-advanced-column-a131c8d8\" class=\"wp-block-themeisle-blocks-advanced-column\"><\/div>\n\n\n\n<div id=\"wp-block-themeisle-blocks-advanced-column-b20eafeb\" class=\"wp-block-themeisle-blocks-advanced-column\"><\/div>\n<\/div><\/div>\n","protected":false},"excerpt":{"rendered":"","protected":false},"author":1,"featured_media":0,"parent":0,"menu_order":0,"comment_status":"closed","ping_status":"closed","template":"page-templates\/template-pagebuilder-full-width.php","meta":{"_themeisle_gutenberg_block_has_review":false,"_ti_tpc_template_sync":false,"_ti_tpc_template_id":"cq3zdpus82tmpryrxb4m","footnotes":""},"class_list":["post-110","page","type-page","status-publish","hentry"],"_links":{"self":[{"href":"https:\/\/stigversitylab.us.edu.pl\/index.php\/wp-json\/wp\/v2\/pages\/110","targetHints":{"allow":["GET"]}}],"collection":[{"href":"https:\/\/stigversitylab.us.edu.pl\/index.php\/wp-json\/wp\/v2\/pages"}],"about":[{"href":"https:\/\/stigversitylab.us.edu.pl\/index.php\/wp-json\/wp\/v2\/types\/page"}],"author":[{"embeddable":true,"href":"https:\/\/stigversitylab.us.edu.pl\/index.php\/wp-json\/wp\/v2\/users\/1"}],"replies":[{"embeddable":true,"href":"https:\/\/stigversitylab.us.edu.pl\/index.php\/wp-json\/wp\/v2\/comments?post=110"}],"version-history":[{"count":8,"href":"https:\/\/stigversitylab.us.edu.pl\/index.php\/wp-json\/wp\/v2\/pages\/110\/revisions"}],"predecessor-version":[{"id":187,"href":"https:\/\/stigversitylab.us.edu.pl\/index.php\/wp-json\/wp\/v2\/pages\/110\/revisions\/187"}],"wp:attachment":[{"href":"https:\/\/stigversitylab.us.edu.pl\/index.php\/wp-json\/wp\/v2\/media?parent=110"}],"curies":[{"name":"wp","href":"https:\/\/api.w.org\/{rel}","templated":true}]}}